{"id":933,"date":"2020-06-17T12:06:06","date_gmt":"2020-06-17T15:06:06","guid":{"rendered":"http:\/\/ppgeq.deq.ufmg.br\/?page_id=933\/"},"modified":"2020-09-21T15:33:59","modified_gmt":"2020-09-21T18:33:59","slug":"students","status":"publish","type":"page","link":"https:\/\/ppgeq.deq.ufmg.br\/en\/students\/","title":{"rendered":"Students"},"content":{"rendered":"\n<h2><span style=\"color: #000000;\">Current student body<\/span><\/h2>\n<p>The student body regularly enrolled in PPGEQ can be consulted directly at Capes&#8217; Sucupira Platform.<\/p>\n<p>To do this, simply access the link below and do the research:<\/p>\n<p><a href=\"https:\/\/sucupira.capes.gov.br\/sucupira\/public\/consultas\/coleta\/discente\/listaDiscente.jsf\" target=\"_blank\" rel=\"noopener noreferrer\">Sucupira Platform &#8211; Student Consultation<\/a><\/p>\n<p>Search:<br \/>Ano (Year): current year<br \/>Institui\u00e7\u00e3o de Ensino Superior (Higher Education Institution): UFMG<br \/>Programa (Program): Engenharia Qu\u00edmica (Chemical Engineering)<br \/>N\u00edvel (Level): Mestrado (Masters) or Doutorado (Doctorate)<br \/>Situa\u00e7\u00e3o (Situation): Matriculado (Enrolled)<br \/>Click consultar (consult)<\/p>\n","protected":false},"excerpt":{"rendered":"<p>Current student body The student body regularly enrolled in PPGEQ can be consulted directly at Capes&#8217; Sucupira Platform. To do this, simply access the link below and do the research: Sucupira Platform &#8211; Student Consultation Search:Ano (Year): current yearInstitui\u00e7\u00e3o de Ensino Superior (Higher Education Institution): UFMGPrograma (Program): Engenharia Qu\u00edmica (Chemical Engineering)N\u00edvel (Level): Mestrado (Masters) or [&hellip;]<\/p>\n","protected":false},"author":2,"featured_media":0,"parent":0,"menu_order":0,"comment_status":"closed","ping_status":"closed","template":"","meta":{"_acf_changed":false,"footnotes":""},"categories":[],"class_list":["post-933","page","type-page","status-publish","hentry"],"acf":[],"_links":{"self":[{"href":"https:\/\/ppgeq.deq.ufmg.br\/en\/wp-json\/wp\/v2\/pages\/933","targetHints":{"allow":["GET"]}}],"collection":[{"href":"https:\/\/ppgeq.deq.ufmg.br\/en\/wp-json\/wp\/v2\/pages"}],"about":[{"href":"https:\/\/ppgeq.deq.ufmg.br\/en\/wp-json\/wp\/v2\/types\/page"}],"author":[{"embeddable":true,"href":"https:\/\/ppgeq.deq.ufmg.br\/en\/wp-json\/wp\/v2\/users\/2"}],"replies":[{"embeddable":true,"href":"https:\/\/ppgeq.deq.ufmg.br\/en\/wp-json\/wp\/v2\/comments?post=933"}],"version-history":[{"count":6,"href":"https:\/\/ppgeq.deq.ufmg.br\/en\/wp-json\/wp\/v2\/pages\/933\/revisions"}],"predecessor-version":[{"id":2644,"href":"https:\/\/ppgeq.deq.ufmg.br\/en\/wp-json\/wp\/v2\/pages\/933\/revisions\/2644"}],"wp:attachment":[{"href":"https:\/\/ppgeq.deq.ufmg.br\/en\/wp-json\/wp\/v2\/media?parent=933"}],"wp:term":[{"taxonomy":"category","embeddable":true,"href":"https:\/\/ppgeq.deq.ufmg.br\/en\/wp-json\/wp\/v2\/categories?post=933"}],"curies":[{"name":"wp","href":"https:\/\/api.w.org\/{rel}","templated":true}]}}