{"id":470,"date":"2016-12-20T11:26:27","date_gmt":"2016-12-20T13:26:27","guid":{"rendered":"http:\/\/ppgeq.deq.ufmg.br\/fisica\/\/?page_id=470\/"},"modified":"2020-09-21T09:50:09","modified_gmt":"2020-09-21T12:50:09","slug":"brazilian-legislation","status":"publish","type":"page","link":"https:\/\/ppgeq.deq.ufmg.br\/en\/brazilian-legislation\/","title":{"rendered":"Brazilian legislation"},"content":{"rendered":"<p><strong><span style=\"color: #000000;\">Requirements for a foreign student in Brazil:<\/span><\/strong><\/p>\n<p><strong>CPF<\/strong><\/p>\n<p style=\"text-align: justify;\">A CPF is Brazil&#8217;s individual taxpayer registry number. For the purposes of UFMG, the CPF is essential for processing University documentation, for the issue of transcripts and for the Minist\u00e9rio da Educa\u00e7\u00e3o &#8211; MEC (Ministry of Education) records.\u00a0You can apply for a CPF either from your home country or in Brazil. To apply at a local consular service in your home country, click <a href=\"http:\/\/www.receita.fazenda.gov.br\/Aplicacoes\/ATCTA\/CpfEstrangeiro\/cpfingles.htm\" target=\"_blank\" rel=\"noopener noreferrer\">here<\/a> to know the necessary procedure.<\/p>\n<p style=\"text-align: justify;\"><strong>VISA<\/strong><\/p>\n<p>Entrance Visas &#8211; Temporary Visa IV<\/p>\n<p style=\"text-align: justify;\">All foreign visitors must have a passport and an entrance visa. The passport must be valid for the entire period of stay in the country. The temporary visas usually granted to visiting students are those of Vitem IV. These visas are obtained at the Brazilian Embassy or Consulate closest to the student&#8217;s country of origin, before his\/her arrival in Brazil.<\/p>\n<p style=\"text-align: justify;\"><strong><span style=\"color: #000000;\">Registration with the Federal Police and Issue of Temporary Foreigner&#8217;s ID Card (Carteira de Identidade de Estrangeiro Tempor\u00e1rio \/ CIET):<\/span><\/strong><\/p>\n<p style=\"text-align: justify;\">Necessary Documents:<br \/>\nValid original passport;<br \/>\nCopy of used passport pages;<br \/>\nVisa application;<br \/>\nTwo recent 3x4cm coloured photos with black background and in frontal position;<br \/>\nFederal Police form completed and printed out;<br \/>\nProof of payment of two fees.<\/p>\n<p style=\"text-align: justify;\">Federal Police Form<br \/>\nThe form is available at <a href=\"https:\/\/www.gov.br\/pf\/pt-br\" target=\"_blank\" rel=\"noopener noreferrer\">www.dpf.gov.br<\/a>. You should complete it, print it out and take it to the Federal Police together with the other documents.<br \/>\nOnce you have entered the Federal Police site:<br \/>\n1- Click on the ESTRANGEIRO (FOREIGNER) link on the left-hand side under Servi\u00e7os (Services).<br \/>\n2- Then select Option 2: REQUERER REGISTRO E EMISS\u00c3O\/RENOVA\u00c7\u00c3O DE C\u00c9DULA DE IDENTIDADE DE ESTRANGEIRO (REQUEST REGISTRATION AND ISSUE\/RENEWAL OF FOREIGNER\u2019S ID CARD).<br \/>\n3- Select the option REGISTRO \/ EMISS\u00c3O DE CARTEIRA IDENTIDADE DE ESTRANGEIRO (REGISTRATION \/ ISSUE OF FOREIGNER&#8217;S ID CARD) and, at Option 1, you will find the form you need to complete. Complete the obligatory boxes in the form.<\/p>\n<p style=\"text-align: justify;\">Advice on completion:<br \/>\nAgainst Unidade Pol\u00edcia Federal (Federal Police Unit), select MG (Minas Gerais) and BELO HORIZONTE;<br \/>\nAlways write names in full and in the Brazilian order: Name and Surname (e.g., Maria Silva);<br \/>\nAgainst ocupa\u00e7\u00e3o principal (principal occupation) , select ESTUDANTE;<br \/>\nAgainst Endere\u00e7o Residencial (Residential Address), enter your address in Belo Horizonte. If you do not yet have a fixed address, enter the address of the place where you are living at the moment;<br \/>\nIf you do not yet have a telephone in Brazil, enter the general UFMG number (31)34095000.<br \/>\nSave and print out the document<\/p>\n<p style=\"text-align: justify;\">Requesting Federal Police Register Appointment<br \/>\nAfter completing the form:<br \/>\n1- Return to the principal page of the site (www.dpf.gov.br), and click again on the ESTRANGEIRO link under Servi\u00e7os.<br \/>\n2- Choose Option 2 again: REQUERER REGISTRO E EMISS\u00c3O\/RENOVA\u00c7\u00c3O DE C\u00c9DULA DE IDENTIDADE DE ESTRANGEIRO (REQUEST REGISTRATION AND ISSUE\/RENEWAL OF FOREIGN ID CARD). Against Option 2 you should click on VERIFIQUE AQUI SE EXISTE AGENDA DISPON\u00cdVEL (FIND OUT IF AN APPOINTMENT TIME IS AVAILABLE) para saber os dias e hor\u00e1rios em que poder\u00e1 solicitar o agendamento na Pol\u00edcia Federal para realizar seu registro.<br \/>\n3- Enter your Request Code, which is at the top of your Form for delivery to the Federal Police. Then check the days and times available and choose your preference from what is available. Click on salvar (save) and print out the document confirming the day and time chosen. IT IS ESSENTIAL THAT YOU KEEP THAT APPOINTMENT WITH THE FEDERAL POLICE<br \/>\nNotes: If you cannot make an appointment on the website, you can go to the Federal Police at the address: Rua Francisco Deslandes, n\u00b0 900 &#8211; Bairro Anchieta, or at the address: UAI na Pra\u00e7a Sete, Avenida Amazonas, n\u00b0 500 &#8211; Centro (Pra\u00e7a Sete) &#8211; Belo Horizonte \u2013 , or at Confins airport, taking with you all the documents needed for registration, within 30 days of the date of your arrival in Brazil. It is recommended that you go early in the morning.<br \/>\nPayment of fees:<br \/>\nGuidelines on payment of fees can be obtained on the internet. Follow the instructions below in order to obtain the Guidelines:<br \/>\nStep 1 \u2013 Guia de Recolhimento da Uni\u00e3o \/ GRU (Federal Tax Collection Form)<br \/>\n1 &#8211; Access <a href=\"https:\/\/www.gov.br\/pf\/pt-br\" target=\"_blank\" rel=\"noopener noreferrer\">www.dpf.gov.br<\/a>.<br \/>\n2 &#8211; Click on GRU under Servi\u00e7os, on the left-hand side.<br \/>\n3 &#8211; Select Option 1: GRU &#8211; FUNAPOL (foreign, private security, international transport, weapons) and then Option 3: PESSOAS E ENTIDADES ESTRANGEIRAS (FOREIGN INDIVIDUALS AND BODIES)<br \/>\n4 \u2013 Complete the Guia de Recolhimento da Uni\u00e3o \u2013 GRU: the address should be in Brazil; in the unidade arrecadadora (collecting body) box select: MG (015-9) MINAS GERAIS REGIONAL DIRECTORATE.<br \/>\n5 &#8211; In the C\u00f3digo da Receita STN (STN Receipt Code), type 140082. You will see on the screen: Registro de Estrangeiro\/Restabelecimento de Registro and the amount to be paid.<br \/>\n6 &#8211; Check the data entered, click on GERAR GUIA (CREATE GUIDE), and then print it out.<br \/>\nStep 2 \u2013 C\u00e9dula de Identidade de Estrangeiro (Foreigner&#8217;s ID Card)<br \/>\n1 &#8211; Repeat instructions 1 to 4 above.<br \/>\n2 &#8211; In the C\u00f3digo da Receita STN box, type 140120 (CARTEIRA DE ESTRANGEIRO DE PRIMEIRA VIA [FIRST ROUTE FOREIGNER&#8217;S CARD], VALOR A SER PAGO [AMOUNT FOR PAYMENT]).<br \/>\n3 &#8211; Check the data entered, click on GERAR GUIA (CREATE GUIDE) and print it out. The guides should be printed out and paid at any branch of the Banco do Brasil before the expiry date and before registering with the Police. For registration, take the proof of payment given to you by the Bank.<\/p>\n<p style=\"text-align: justify;\">Remember that you must register within 30 days of your arrival in Brazil. After the deadline, a foreigner is liable to a daily fee and becomes an illegal immigrant.<br \/>\nAS SOON AS THEY OBTAIN A COPY OF THEIR REGISTRATION AT THE FEDERAL POLICE STATION, IT IS ESSENTIAL FOR ALL EXCHANGE STUDENTS TO TAKE A COPY OF THE REGISTRO NACIONAL DE ESTRANGEIROS \/ RNE (NATIONAL REGISTER OF FOREIGNERS) TO PPGEQ\u2019S OFFICE.<\/p>\n<p style=\"text-align: justify;\"><strong>Important Notes:<\/strong><\/p>\n<ul>\n<li style=\"text-align: justify;\">Plan to come at least two weeks prior the beginning of classes to let enough time for finding housing and registering with the Federal Police.<\/li>\n<li style=\"text-align: justify;\">Foreign students under Temporary Visa IV are not permitted to work during their stay in Brazil.<\/li>\n<li style=\"text-align: justify;\">Do not consider the possibility of changing visa upon arrival in Brazil. This is not permitted by the National Immigration Service.<\/li>\n<li style=\"text-align: justify;\">On receiving the foreign identity card, check to see if the data (full name, parentage, date of birth and nationality) are correct. If there is any mistake, request immediate correction at the same locale to prevent future problems.<\/li>\n<li style=\"text-align: justify;\">All documents in a foreign language must be certified by the Brazilian consular authorities and officially translated into Portuguese language in order to be valid in Brazil.<\/li>\n<\/ul>\n<p style=\"text-align: justify;\">More information: see the Office of International Affairs of the Federal University of Minas Gerais (DRI)&#8217;s <a href=\"https:\/\/www.ufmg.br\/dri\/programas\/aluno-estrangeiro\/guia-do-intercambista\/?lang=en\" target=\"_blank\" rel=\"noopener noreferrer\">exchange student guide<\/a>.<\/p>\n","protected":false},"excerpt":{"rendered":"<p>Requirements for a foreign student in Brazil: CPF A CPF is Brazil&#8217;s individual taxpayer registry number. For the purposes of UFMG, the CPF is essential for processing University documentation, for the issue of transcripts and for the Minist\u00e9rio da Educa\u00e7\u00e3o &#8211; MEC (Ministry of Education) records.\u00a0You can apply for a CPF either from your home [&hellip;]<\/p>\n","protected":false},"author":2,"featured_media":0,"parent":0,"menu_order":0,"comment_status":"closed","ping_status":"closed","template":"","meta":{"_acf_changed":false,"footnotes":""},"categories":[],"class_list":["post-470","page","type-page","status-publish","hentry"],"acf":[],"_links":{"self":[{"href":"https:\/\/ppgeq.deq.ufmg.br\/en\/wp-json\/wp\/v2\/pages\/470","targetHints":{"allow":["GET"]}}],"collection":[{"href":"https:\/\/ppgeq.deq.ufmg.br\/en\/wp-json\/wp\/v2\/pages"}],"about":[{"href":"https:\/\/ppgeq.deq.ufmg.br\/en\/wp-json\/wp\/v2\/types\/page"}],"author":[{"embeddable":true,"href":"https:\/\/ppgeq.deq.ufmg.br\/en\/wp-json\/wp\/v2\/users\/2"}],"replies":[{"embeddable":true,"href":"https:\/\/ppgeq.deq.ufmg.br\/en\/wp-json\/wp\/v2\/comments?post=470"}],"version-history":[{"count":6,"href":"https:\/\/ppgeq.deq.ufmg.br\/en\/wp-json\/wp\/v2\/pages\/470\/revisions"}],"predecessor-version":[{"id":2855,"href":"https:\/\/ppgeq.deq.ufmg.br\/en\/wp-json\/wp\/v2\/pages\/470\/revisions\/2855"}],"wp:attachment":[{"href":"https:\/\/ppgeq.deq.ufmg.br\/en\/wp-json\/wp\/v2\/media?parent=470"}],"wp:term":[{"taxonomy":"category","embeddable":true,"href":"https:\/\/ppgeq.deq.ufmg.br\/en\/wp-json\/wp\/v2\/categories?post=470"}],"curies":[{"name":"wp","href":"https:\/\/api.w.org\/{rel}","templated":true}]}}