{"id":462,"date":"2016-12-20T11:21:37","date_gmt":"2016-12-20T13:21:37","guid":{"rendered":"http:\/\/ppgeq.deq.ufmg.br\/fisica\/\/?page_id=462\/"},"modified":"2023-10-16T14:47:51","modified_gmt":"2023-10-16T17:47:51","slug":"faculty","status":"publish","type":"page","link":"https:\/\/ppgeq.deq.ufmg.br\/en\/faculty\/","title":{"rendered":"Faculty"},"content":{"rendered":"<p style=\"text-align: justify;\">PPGEQ&#8217;s faculty is composed of permanent and associate professors.<\/p>\n<h2 style=\"text-align: left;\"><span style=\"color: #000000;\"><strong>Permanent Professors<\/strong><\/span><\/h2>\n<table style=\"height: 307px; width: 101.433%; border-collapse: collapse; border-style: double;\">\n<tbody>\n<tr style=\"height: 22px;\">\n<td style=\"width: 68.4676%; background-color: #cad3ed; border-color: #bbb9c4; height: 22px;\"><strong>Name<\/strong><\/td>\n<td style=\"width: 47.5637%; background-color: #cad3ed; border-color: #bbb9c4; height: 22px;\"><strong>E-mail<\/strong><\/td>\n<td style=\"width: 2.43637%; background-color: #cad3ed; border-color: #bbb9c4; height: 22px;\"><strong>CV<\/strong><\/td>\n<\/tr>\n<tr style=\"height: 22px;\">\n<td style=\"width: 68.4676%; border-color: #bbb9c4; height: 22px;\">Andr\u00e9a Oliveira Souza da Costa<\/td>\n<td style=\"width: 47.5637%; border-color: #bbb9c4; height: 22px;\">andreaosc@yahoo.com.br<\/td>\n<td style=\"width: 2.43637%; border-color: #bbb9c4; height: 22px;\"><a href=\"http:\/\/lattes.cnpq.br\/9333155021620480\" target=\"_blank\" rel=\"noopener noreferrer\">Lattes<\/a><\/td>\n<\/tr>\n<tr style=\"height: 22px;\">\n<td style=\"width: 68.4676%; border-color: #bbb9c4; height: 22px;\">Daniel Bastos de Rezende<\/td>\n<td style=\"width: 47.5637%; border-color: #bbb9c4; height: 22px;\">daniel@deq.ufmg.br<\/td>\n<td style=\"width: 2.43637%; border-color: #bbb9c4; height: 22px;\"><a href=\"http:\/\/lattes.cnpq.br\/7108307824716996\" target=\"_blank\" rel=\"noopener noreferrer\">Lattes<\/a><\/td>\n<\/tr>\n<tr style=\"height: 22px;\">\n<td style=\"width: 68.4676%; border-color: #bbb9c4; height: 22px;\">\u00c9der Domingos de Oliveira<\/td>\n<td style=\"width: 47.5637%; border-color: #bbb9c4; height: 22px;\">eder@deq.ufmg.br<\/td>\n<td style=\"width: 2.43637%; border-color: #bbb9c4; height: 22px;\"><a href=\"http:\/\/lattes.cnpq.br\/2715541858878353\" target=\"_blank\" rel=\"noopener noreferrer\">Lattes<\/a><\/td>\n<\/tr>\n<tr>\n<td style=\"width: 68.4676%; border-color: #bbb9c4;\">\u00c9rika Cristina Cren<\/td>\n<td style=\"width: 47.5637%; border-color: #bbb9c4;\">erika.cren@gmail.com<\/td>\n<td style=\"width: 2.43637%; border-color: #bbb9c4;\"><a href=\"http:\/\/lattes.cnpq.br\/2263515691905219\" target=\"_blank\" rel=\"noopener\">Lattes<\/a><\/td>\n<\/tr>\n<tr style=\"height: 22px;\">\n<td style=\"width: 68.4676%; border-color: #bbb9c4; height: 22px;\">Esly Ferreira da Costa J\u00fanior<\/td>\n<td style=\"width: 47.5637%; border-color: #bbb9c4; height: 22px;\">esly@deq.ufmg.br<\/td>\n<td style=\"width: 2.43637%; border-color: #bbb9c4; height: 22px;\"><a href=\"http:\/\/lattes.cnpq.br\/8728185124922423\" target=\"_blank\" rel=\"noopener noreferrer\">Lattes<\/a><\/td>\n<\/tr>\n<tr style=\"height: 22px;\">\n<td style=\"width: 68.4676%; border-color: #bbb9c4; height: 22px;\">Fernando Cotting<\/td>\n<td style=\"width: 47.5637%; border-color: #bbb9c4; height: 22px;\">fernando@deq.ufmg.br<\/td>\n<td style=\"width: 2.43637%; border-color: #bbb9c4; height: 22px;\"><a href=\"http:\/\/lattes.cnpq.br\/3373558974232568\" target=\"_blank\" rel=\"noopener noreferrer\">Lattes<\/a><\/td>\n<\/tr>\n<tr style=\"height: 22px;\">\n<td style=\"width: 68.4676%; border-color: #bbb9c4; height: 22px;\">Glaura Goulart Silva<\/td>\n<td style=\"width: 47.5637%; border-color: #bbb9c4; height: 22px;\">glaura.goulart@gmail.com<\/td>\n<td style=\"width: 2.43637%; border-color: #bbb9c4; height: 22px;\"><a href=\"http:\/\/lattes.cnpq.br\/0916630825277350\" target=\"_blank\" rel=\"noopener noreferrer\">Lattes<\/a><\/td>\n<\/tr>\n<tr style=\"height: 22px;\">\n<td style=\"width: 68.4676%; border-color: #bbb9c4; height: 22px;\">Gustavo Matheus de Almeida<\/td>\n<td style=\"width: 47.5637%; border-color: #bbb9c4; height: 22px;\">galmeida@deq.ufmg.br<\/td>\n<td style=\"width: 2.43637%; border-color: #bbb9c4; height: 22px;\"><a href=\"http:\/\/lattes.cnpq.br\/3191967289613425\" target=\"_blank\" rel=\"noopener noreferrer\">Lattes<\/a><\/td>\n<\/tr>\n<tr style=\"height: 22px;\">\n<td style=\"width: 68.4676%; border-color: #bbb9c4; height: 22px;\">K\u00e1tia Cec\u00edlia de Souza Figueiredo<\/td>\n<td style=\"width: 47.5637%; border-color: #bbb9c4; height: 22px;\">katia@deq.ufmg.br<\/td>\n<td style=\"width: 2.43637%; border-color: #bbb9c4; height: 22px;\"><a href=\"http:\/\/lattes.cnpq.br\/9239691775959407\" target=\"_blank\" rel=\"noopener noreferrer\">Lattes<\/a><\/td>\n<\/tr>\n<tr style=\"height: 22px;\">\n<td style=\"width: 68.4676%; border-color: #bbb9c4; height: 22px;\">Luiz Orlando Ladeira<\/td>\n<td style=\"width: 47.5637%; border-color: #bbb9c4; height: 22px;\">loladeira@gmail.com<\/td>\n<td style=\"width: 2.43637%; border-color: #bbb9c4; height: 22px;\"><a href=\"http:\/\/lattes.cnpq.br\/6858139747014559\" target=\"_blank\" rel=\"noopener noreferrer\">Lattes<\/a><\/td>\n<\/tr>\n<tr style=\"height: 43px;\">\n<td style=\"width: 68.4676%; border-color: #bbb9c4; height: 43px;\">Manuel Noel Paul Georges Houmard<\/td>\n<td style=\"width: 47.5637%; border-color: #bbb9c4; height: 43px;\">mhoumard@ufmg.br<\/td>\n<td style=\"width: 2.43637%; border-color: #bbb9c4; height: 43px;\"><a href=\"http:\/\/lattes.cnpq.br\/0867330474081944\" target=\"_blank\" rel=\"noopener noreferrer\">Lattes<\/a><\/td>\n<\/tr>\n<tr style=\"height: 22px;\">\n<td style=\"width: 68.4676%; border-color: #bbb9c4; height: 22px;\">Tulio Matencio<\/td>\n<td style=\"width: 47.5637%; border-color: #bbb9c4; height: 22px;\">tmatencio@ufmg.br<\/td>\n<td style=\"width: 2.43637%; border-color: #bbb9c4; height: 22px;\"><a href=\"http:\/\/lattes.cnpq.br\/0675398539252938\" target=\"_blank\" rel=\"noopener noreferrer\">Lattes<\/a><\/td>\n<\/tr>\n<tr style=\"height: 22px;\">\n<td style=\"width: 68.4676%; border-color: #bbb9c4; height: 22px;\">Vanessa de Freitas Cunha Lins<\/td>\n<td style=\"width: 47.5637%; border-color: #bbb9c4; height: 22px;\">vlins@deq.ufmg.br<\/td>\n<td style=\"width: 2.43637%; border-color: #bbb9c4; height: 22px;\"><a href=\"http:\/\/lattes.cnpq.br\/7922457689842629\" target=\"_blank\" rel=\"noopener noreferrer\">Lattes<\/a><\/td>\n<\/tr>\n<\/tbody>\n<\/table>\n<h2><\/h2>\n<h2 style=\"text-align: left;\"><span style=\"color: #000000;\"><strong>Associate Professors<\/strong><\/span><\/h2>\n<table style=\"height: 130px; width: 101.433%; border-collapse: collapse; border-style: double;\">\n<tbody>\n<tr style=\"height: 22px;\">\n<td style=\"width: 68.4676%; background-color: #cad3ed; border-color: #bbb9c4; height: 22px;\"><strong>Name<\/strong><\/td>\n<td style=\"width: 47.5637%; background-color: #cad3ed; border-color: #bbb9c4; height: 22px;\"><strong>E-mail<\/strong><\/td>\n<td style=\"width: 2.43637%; background-color: #cad3ed; border-color: #bbb9c4; height: 22px;\"><strong>CV<\/strong><\/td>\n<\/tr>\n<tr style=\"height: 22px;\">\n<td style=\"width: 68.4676%; border-color: #bbb9c4; height: 22px;\">Rosa Maria Rabelo Junqueira<\/td>\n<td style=\"width: 47.5637%; border-color: #bbb9c4; height: 22px;\">rosajunqueira@gmail.com<\/td>\n<td style=\"width: 2.43637%; border-color: #bbb9c4; height: 22px;\"><a href=\"http:\/\/lattes.cnpq.br\/6863995673467942\" target=\"_blank\" rel=\"noopener noreferrer\">Lattes<\/a><\/td>\n<\/tr>\n<tr style=\"height: 22px;\">\n<td style=\"width: 68.4676%; border-color: #bbb9c4; height: 22px;\">Viviane Santos Birchal<\/td>\n<td style=\"width: 47.5637%; border-color: #bbb9c4; height: 22px;\">vsbirchal@gmail.com<\/td>\n<td style=\"width: 2.43637%; border-color: #bbb9c4; height: 22px;\"><a href=\"http:\/\/lattes.cnpq.br\/0342014878408861\" target=\"_blank\" rel=\"noopener noreferrer\">Lattes<\/a><\/td>\n<\/tr>\n<\/tbody>\n<\/table>\n<h2 style=\"text-align: left;\"><\/h2>\n","protected":false},"excerpt":{"rendered":"<p>PPGEQ&#8217;s faculty is composed of permanent and associate professors. Permanent Professors Name E-mail CV Andr\u00e9a Oliveira Souza da Costa andreaosc@yahoo.com.br Lattes Daniel Bastos de Rezende daniel@deq.ufmg.br Lattes \u00c9der Domingos de Oliveira eder@deq.ufmg.br Lattes \u00c9rika Cristina Cren erika.cren@gmail.com Lattes Esly Ferreira da Costa J\u00fanior esly@deq.ufmg.br Lattes Fernando Cotting fernando@deq.ufmg.br Lattes Glaura Goulart Silva glaura.goulart@gmail.com Lattes Gustavo [&hellip;]<\/p>\n","protected":false},"author":2,"featured_media":0,"parent":0,"menu_order":0,"comment_status":"closed","ping_status":"closed","template":"page-sanfona.php","meta":{"_acf_changed":false,"footnotes":""},"categories":[],"class_list":["post-462","page","type-page","status-publish","hentry"],"acf":[],"_links":{"self":[{"href":"https:\/\/ppgeq.deq.ufmg.br\/en\/wp-json\/wp\/v2\/pages\/462","targetHints":{"allow":["GET"]}}],"collection":[{"href":"https:\/\/ppgeq.deq.ufmg.br\/en\/wp-json\/wp\/v2\/pages"}],"about":[{"href":"https:\/\/ppgeq.deq.ufmg.br\/en\/wp-json\/wp\/v2\/types\/page"}],"author":[{"embeddable":true,"href":"https:\/\/ppgeq.deq.ufmg.br\/en\/wp-json\/wp\/v2\/users\/2"}],"replies":[{"embeddable":true,"href":"https:\/\/ppgeq.deq.ufmg.br\/en\/wp-json\/wp\/v2\/comments?post=462"}],"version-history":[{"count":8,"href":"https:\/\/ppgeq.deq.ufmg.br\/en\/wp-json\/wp\/v2\/pages\/462\/revisions"}],"predecessor-version":[{"id":4695,"href":"https:\/\/ppgeq.deq.ufmg.br\/en\/wp-json\/wp\/v2\/pages\/462\/revisions\/4695"}],"wp:attachment":[{"href":"https:\/\/ppgeq.deq.ufmg.br\/en\/wp-json\/wp\/v2\/media?parent=462"}],"wp:term":[{"taxonomy":"category","embeddable":true,"href":"https:\/\/ppgeq.deq.ufmg.br\/en\/wp-json\/wp\/v2\/categories?post=462"}],"curies":[{"name":"wp","href":"https:\/\/api.w.org\/{rel}","templated":true}]}}