{"id":2037,"date":"2020-09-02T14:48:19","date_gmt":"2020-09-02T17:48:19","guid":{"rendered":"http:\/\/ppgeq.deq.ufmg.br\/?page_id=2037"},"modified":"2021-03-19T10:20:51","modified_gmt":"2021-03-19T13:20:51","slug":"agreements-and-cooperation","status":"publish","type":"page","link":"https:\/\/ppgeq.deq.ufmg.br\/en\/agreements-and-cooperation\/","title":{"rendered":"Agreements and cooperation"},"content":{"rendered":"\n<p style=\"text-align: justify;\"><br \/>Since its creation the PPGEQ has established diverse institutional interactions <strong>at national and international levels<\/strong>\u00a0along three main axes:<\/p>\n<ul>\n<li style=\"text-align: justify;\">partnership with R&amp;D companies and institutions;<\/li>\n<li style=\"text-align: justify;\">partnership with companies to train personnel;<\/li>\n<li style=\"text-align: justify;\">partnership with other higher education institutions for the development of research work.<\/li>\n<\/ul>\n<p style=\"text-align: justify;\">Partnerships with companies in the productive sector usually take the form of financing research activities or providing information that helps develop the work of the Program&#8217;s students. In this context, considering the history over the years of the PPGEQ, it is possible to mention the following companies: Fibraia, Cenibra, Fiat, Petrobras, ArcelorMittal, Usiminas, Andritz, Vallourec, Vale, Samarco, Lafarge Holcim, Suzano, among others.<\/p>\n<p style=\"text-align: justify;\">PPGEQ professors have already partnered with several national educational institutions. Among them are: Federal University of Vi\u00e7osa (UFV), Federal University of Rio de Janeiro (UFRJ), Federal University of S\u00e3o Carlos (UFSCar), University of S\u00e3o Paulo (USP), Nuclear Technology Development Center (CDTN) and Institut of Technological Research (IPT &#8211; S\u00e3o Paulo), Pontifical Catholic University of Minas Gerais (PUC-MG), University of Campinas (UNICAMP), University of Caxias do Sul (UCS), Federal University of Alagoas (UFAL).<\/p>\n<p style=\"text-align: justify;\">At the international level, PPGEQ professors have maintained contact and partnerships with various institutions. Among which stand out: Massachusetts Institute of Technology (USA), Colorado School of Mines (USA), The Ohio State University (USA), Texas A&amp;M University (USA), University of Porto and University of Coimbra (Portugal), Instituto Ciencia y Tecnologia de Polimeros (Spain), University of Bradford (England), University of Jyv\u00e4skyl\u00e4 (Finland), and Lappeenranta University of Technology (Finland), University of Queensland (Australia), Universit\u00e0 di Trento (Italy), Washington State University (USA), Politecnico di Milano (Italy).<\/p>\n","protected":false},"excerpt":{"rendered":"<p>Since its creation the PPGEQ has established diverse institutional interactions at national and international levels\u00a0along three main axes: partnership with R&amp;D companies and institutions; partnership with companies to train personnel; partnership with other higher education institutions for the development of research work. Partnerships with companies in the productive sector usually take the form of financing [&hellip;]<\/p>\n","protected":false},"author":2,"featured_media":0,"parent":0,"menu_order":0,"comment_status":"closed","ping_status":"closed","template":"","meta":{"_acf_changed":false,"footnotes":""},"categories":[],"class_list":["post-2037","page","type-page","status-publish","hentry"],"acf":[],"_links":{"self":[{"href":"https:\/\/ppgeq.deq.ufmg.br\/en\/wp-json\/wp\/v2\/pages\/2037","targetHints":{"allow":["GET"]}}],"collection":[{"href":"https:\/\/ppgeq.deq.ufmg.br\/en\/wp-json\/wp\/v2\/pages"}],"about":[{"href":"https:\/\/ppgeq.deq.ufmg.br\/en\/wp-json\/wp\/v2\/types\/page"}],"author":[{"embeddable":true,"href":"https:\/\/ppgeq.deq.ufmg.br\/en\/wp-json\/wp\/v2\/users\/2"}],"replies":[{"embeddable":true,"href":"https:\/\/ppgeq.deq.ufmg.br\/en\/wp-json\/wp\/v2\/comments?post=2037"}],"version-history":[{"count":7,"href":"https:\/\/ppgeq.deq.ufmg.br\/en\/wp-json\/wp\/v2\/pages\/2037\/revisions"}],"predecessor-version":[{"id":3432,"href":"https:\/\/ppgeq.deq.ufmg.br\/en\/wp-json\/wp\/v2\/pages\/2037\/revisions\/3432"}],"wp:attachment":[{"href":"https:\/\/ppgeq.deq.ufmg.br\/en\/wp-json\/wp\/v2\/media?parent=2037"}],"wp:term":[{"taxonomy":"category","embeddable":true,"href":"https:\/\/ppgeq.deq.ufmg.br\/en\/wp-json\/wp\/v2\/categories?post=2037"}],"curies":[{"name":"wp","href":"https:\/\/api.w.org\/{rel}","templated":true}]}}